{"id":66,"date":"2025-12-22T17:11:27","date_gmt":"2025-12-22T17:11:27","guid":{"rendered":"https:\/\/compliceetmoi.com\/?page_id=66"},"modified":"2025-12-22T20:55:26","modified_gmt":"2025-12-22T20:55:26","slug":"livres","status":"publish","type":"page","link":"https:\/\/compliceetmoi.com\/index.php\/livres\/","title":{"rendered":"Livres"},"content":{"rendered":"\n<p>Ces livres ont \u00e9t\u00e9 \u00e9crits pour accompagner les p\u00e9riodes de perte, de choc<br>ou de reconstruction int\u00e9rieure.<\/p>\n\n\n\n<p>Ils peuvent \u00eatre lus s\u00e9par\u00e9ment.<br>Ou comme un parcours, \u00e0 ton rythme.<\/p>\n\n\n\n<div class=\"wp-block-columns is-layout-flex wp-container-core-columns-is-layout-28f84493 wp-block-columns-is-layout-flex\">\n<div class=\"wp-block-column is-layout-flow wp-block-column-is-layout-flow\">\n<figure class=\"wp-block-image size-large\"><img fetchpriority=\"high\" decoding=\"async\" width=\"724\" height=\"1024\" src=\"https:\/\/compliceetmoi.com\/wp-content\/uploads\/2025\/12\/Couverture-724x1024.png\" alt=\"\" class=\"wp-image-67\" srcset=\"https:\/\/compliceetmoi.com\/wp-content\/uploads\/2025\/12\/Couverture-724x1024.png 724w, https:\/\/compliceetmoi.com\/wp-content\/uploads\/2025\/12\/Couverture-212x300.png 212w, https:\/\/compliceetmoi.com\/wp-content\/uploads\/2025\/12\/Couverture-768x1086.png 768w, https:\/\/compliceetmoi.com\/wp-content\/uploads\/2025\/12\/Couverture-1086x1536.png 1086w, https:\/\/compliceetmoi.com\/wp-content\/uploads\/2025\/12\/Couverture.png 1414w\" sizes=\"(max-width: 724px) 100vw, 724px\" \/><\/figure>\n<\/div>\n\n\n\n<div class=\"wp-block-column is-layout-flow wp-block-column-is-layout-flow\">\n<p><strong>Quand tout s\u2019effondre<\/strong><\/p>\n\n\n\n<p>Un livre pour comprendre ce qui se passe apr\u00e8s un choc, une perte ou une injustice.<\/p>\n\n\n\n<p class=\"has-accent-2-color has-text-color has-link-color has-small-font-size wp-elements-5f3bd9568a3c17d8cc410e898efecb10\"><em>Ce livre peut \u00eatre lu \u00e0 ton rythme.<br>Il n\u2019y a rien \u00e0 r\u00e9ussir, seulement \u00e0 comprendre.<br>Prends ce qui est juste pour toi.<\/em><\/p>\n\n\n\n<p>\u2192 D\u00e9couvrir le livre <\/p>\n\n\n\n<div class=\"wp-block-buttons is-layout-flex wp-block-buttons-is-layout-flex\">\n<div class=\"wp-block-button\"><a class=\"wp-block-button__link wp-element-button\" href=\"https:\/\/payhip.com\/b\/ICmcp\">D\u00e9couvrir le livre<\/a><\/div>\n<\/div>\n\n\n\n<div class=\"wp-block-columns is-layout-flex wp-container-core-columns-is-layout-28f84493 wp-block-columns-is-layout-flex\">\n<div class=\"wp-block-column is-layout-flow wp-block-column-is-layout-flow\"><\/div>\n\n\n\n<div class=\"wp-block-column is-layout-flow wp-block-column-is-layout-flow\"><\/div>\n<\/div>\n<\/div>\n<\/div>\n\n\n\n<div class=\"wp-block-columns is-layout-flex wp-container-core-columns-is-layout-28f84493 wp-block-columns-is-layout-flex\">\n<div class=\"wp-block-column is-layout-flow wp-block-column-is-layout-flow\">\n<figure class=\"wp-block-image size-large\"><img fetchpriority=\"high\" decoding=\"async\" width=\"724\" height=\"1024\" src=\"https:\/\/compliceetmoi.com\/wp-content\/uploads\/2025\/12\/Couverture-724x1024.png\" alt=\"\" class=\"wp-image-67\" srcset=\"https:\/\/compliceetmoi.com\/wp-content\/uploads\/2025\/12\/Couverture-724x1024.png 724w, https:\/\/compliceetmoi.com\/wp-content\/uploads\/2025\/12\/Couverture-212x300.png 212w, https:\/\/compliceetmoi.com\/wp-content\/uploads\/2025\/12\/Couverture-768x1086.png 768w, https:\/\/compliceetmoi.com\/wp-content\/uploads\/2025\/12\/Couverture-1086x1536.png 1086w, https:\/\/compliceetmoi.com\/wp-content\/uploads\/2025\/12\/Couverture.png 1414w\" sizes=\"(max-width: 724px) 100vw, 724px\" \/><\/figure>\n<\/div>\n\n\n\n<div class=\"wp-block-column is-layout-flow wp-block-column-is-layout-flow\">\n<p><strong>Livre 2 \u2013 bient\u00f4t<\/strong><\/p>\n\n\n\n<p>Ce livre est en pr\u00e9paration.<\/p>\n\n\n\n<p>Il s\u2019\u00e9crit avec la m\u00eame douceur,<br>au m\u00eame rythme.<\/p>\n\n\n\n<p>Tu pourras revenir ici<br>quand ce sera le bon moment. \ud83e\udd0d<\/p>\n\n\n\n<p class=\"has-accent-2-color has-text-color has-link-color has-small-font-size wp-elements-2b316b05248501724db2c12fa89919c8\"><\/p>\n\n\n\n<p><\/p>\n\n\n\n<div class=\"wp-block-columns is-layout-flex wp-container-core-columns-is-layout-28f84493 wp-block-columns-is-layout-flex\">\n<div class=\"wp-block-column is-layout-flow wp-block-column-is-layout-flow\"><\/div>\n\n\n\n<div class=\"wp-block-column is-layout-flow wp-block-column-is-layout-flow\"><\/div>\n<\/div>\n<\/div>\n<\/div>\n\n\n\n<div class=\"wp-block-columns is-layout-flex wp-container-core-columns-is-layout-28f84493 wp-block-columns-is-layout-flex\">\n<div class=\"wp-block-column is-layout-flow wp-block-column-is-layout-flow\">\n<figure class=\"wp-block-image size-large\"><img fetchpriority=\"high\" decoding=\"async\" width=\"724\" height=\"1024\" src=\"https:\/\/compliceetmoi.com\/wp-content\/uploads\/2025\/12\/Couverture-724x1024.png\" alt=\"\" class=\"wp-image-67\" srcset=\"https:\/\/compliceetmoi.com\/wp-content\/uploads\/2025\/12\/Couverture-724x1024.png 724w, https:\/\/compliceetmoi.com\/wp-content\/uploads\/2025\/12\/Couverture-212x300.png 212w, https:\/\/compliceetmoi.com\/wp-content\/uploads\/2025\/12\/Couverture-768x1086.png 768w, https:\/\/compliceetmoi.com\/wp-content\/uploads\/2025\/12\/Couverture-1086x1536.png 1086w, https:\/\/compliceetmoi.com\/wp-content\/uploads\/2025\/12\/Couverture.png 1414w\" sizes=\"(max-width: 724px) 100vw, 724px\" \/><\/figure>\n<\/div>\n\n\n\n<div class=\"wp-block-column is-layout-flow wp-block-column-is-layout-flow\">\n<p><strong>Livre 3 \u2013 \u00e0 venir<\/strong><\/p>\n\n\n\n<p>Ce livre est encore en silence.<\/p>\n\n\n\n<p>Il s\u2019\u00e9crit doucement,<br>au m\u00eame rythme que le reste.<\/p>\n\n\n\n<p>Quand il sera pr\u00eat,<br>il sera ici. \ud83e\udd0d<\/p>\n\n\n\n<p class=\"has-accent-2-color has-text-color has-link-color has-small-font-size wp-elements-2b316b05248501724db2c12fa89919c8\"><\/p>\n\n\n\n<p><\/p>\n\n\n\n<div class=\"wp-block-columns is-layout-flex wp-container-core-columns-is-layout-28f84493 wp-block-columns-is-layout-flex\">\n<div class=\"wp-block-column is-layout-flow wp-block-column-is-layout-flow\"><\/div>\n\n\n\n<div class=\"wp-block-column is-layout-flow wp-block-column-is-layout-flow\"><\/div>\n<\/div>\n<\/div>\n<\/div>\n","protected":false},"excerpt":{"rendered":"<p>Ces livres ont \u00e9t\u00e9 \u00e9crits pour accompagner les p\u00e9riodes de perte, de chocou de reconstruction int\u00e9rieure. Ils peuvent \u00eatre lus s\u00e9par\u00e9ment.Ou comme un parcours, \u00e0 ton rythme. Quand tout s\u2019effondre Un livre pour comprendre ce qui se passe apr\u00e8s un choc, une perte ou une injustice. Ce livre peut \u00eatre lu \u00e0 ton rythme.Il n\u2019y [&hellip;]<\/p>\n","protected":false},"author":1,"featured_media":0,"parent":0,"menu_order":0,"comment_status":"closed","ping_status":"closed","template":"","meta":{"footnotes":""},"class_list":["post-66","page","type-page","status-publish","hentry"],"_links":{"self":[{"href":"https:\/\/compliceetmoi.com\/index.php\/wp-json\/wp\/v2\/pages\/66","targetHints":{"allow":["GET"]}}],"collection":[{"href":"https:\/\/compliceetmoi.com\/index.php\/wp-json\/wp\/v2\/pages"}],"about":[{"href":"https:\/\/compliceetmoi.com\/index.php\/wp-json\/wp\/v2\/types\/page"}],"author":[{"embeddable":true,"href":"https:\/\/compliceetmoi.com\/index.php\/wp-json\/wp\/v2\/users\/1"}],"replies":[{"embeddable":true,"href":"https:\/\/compliceetmoi.com\/index.php\/wp-json\/wp\/v2\/comments?post=66"}],"version-history":[{"count":5,"href":"https:\/\/compliceetmoi.com\/index.php\/wp-json\/wp\/v2\/pages\/66\/revisions"}],"predecessor-version":[{"id":83,"href":"https:\/\/compliceetmoi.com\/index.php\/wp-json\/wp\/v2\/pages\/66\/revisions\/83"}],"wp:attachment":[{"href":"https:\/\/compliceetmoi.com\/index.php\/wp-json\/wp\/v2\/media?parent=66"}],"curies":[{"name":"wp","href":"https:\/\/api.w.org\/{rel}","templated":true}]}}