{"id":24,"date":"2025-12-05T09:36:30","date_gmt":"2025-12-05T09:36:30","guid":{"rendered":"https:\/\/compliceetmoi.com\/?page_id=24"},"modified":"2026-01-27T22:47:14","modified_gmt":"2026-01-27T22:47:14","slug":"home","status":"publish","type":"page","link":"https:\/\/compliceetmoi.com\/","title":{"rendered":"Accueil"},"content":{"rendered":"\n<div class=\"wp-block-group alignfull has-ast-global-color-5-background-color has-background has-global-padding is-layout-constrained wp-container-core-group-is-layout-9cedb757 wp-block-group-is-layout-constrained\" style=\"padding-bottom:0px\">\n<div class=\"wp-block-columns are-vertically-aligned-top is-layout-flex wp-container-core-columns-is-layout-00723822 wp-block-columns-is-layout-flex\">\n<div class=\"wp-block-column is-vertically-aligned-top is-layout-flow wp-container-core-column-is-layout-6b73ce23 wp-block-column-is-layout-flow\">\n<figure class=\"wp-block-image size-large\"><img decoding=\"async\" src=\"https:\/\/compliceetmoi.com\/wp-content\/themes\/astra\/inc\/assets\/images\/starter-content\/building.svg\" alt=\"\" class=\"wp-image-134\"\/><\/figure>\n\n\n\n<h3 class=\"wp-block-heading has-text-align-left\" style=\"margin-top:16px\">Pr\u00e9sence<\/h3>\n\n\n\n<p class=\"has-text-align-left\">Parfois, tenir debout est d\u00e9j\u00e0 un acte de courage.<br>Les animaux savent rester quand tout vacille.<\/p>\n<\/div>\n\n\n\n<div class=\"wp-block-column is-vertically-aligned-top is-layout-flow wp-container-core-column-is-layout-6b73ce23 wp-block-column-is-layout-flow\">\n<figure class=\"wp-block-image size-large\"><img decoding=\"async\" src=\"https:\/\/compliceetmoi.com\/wp-content\/themes\/astra\/inc\/assets\/images\/starter-content\/shopping-bag.svg\" alt=\"\" class=\"wp-image-135\"\/><\/figure>\n\n\n\n<h3 class=\"wp-block-heading has-text-align-left\" style=\"margin-top:16px\">Compagnons<\/h3>\n\n\n\n<p class=\"has-text-align-left\">Mia et Diego, deux chats attentifs aux silences.<br>Milo, un chien qui rappelle l\u2019air, le mouvement, la vie.<\/p>\n<\/div>\n\n\n\n<div class=\"wp-block-column is-vertically-aligned-top is-layout-flow wp-container-core-column-is-layout-6b73ce23 wp-block-column-is-layout-flow\">\n<figure class=\"wp-block-image size-large\"><img decoding=\"async\" src=\"https:\/\/compliceetmoi.com\/wp-content\/themes\/astra\/inc\/assets\/images\/starter-content\/blog.svg\" alt=\"\" class=\"wp-image-136\"\/><\/figure>\n\n\n\n<h3 class=\"wp-block-heading has-text-align-left\" style=\"margin-top:16px\">Souffler<\/h3>\n\n\n\n<p class=\"has-text-align-left\">Ici, il n\u2019y a rien \u00e0 r\u00e9ussir.<br>Juste un endroit pour ralentir et continuer.<\/p>\n<\/div>\n\n\n\n<div class=\"wp-block-column is-vertically-aligned-top is-layout-flow wp-container-core-column-is-layout-6b73ce23 wp-block-column-is-layout-flow\">\n<figure class=\"wp-block-image size-large\"><img decoding=\"async\" src=\"https:\/\/compliceetmoi.com\/wp-content\/themes\/astra\/inc\/assets\/images\/starter-content\/portfolio.svg\" alt=\"\" class=\"wp-image-137\"\/><\/figure>\n\n\n\n<h3 class=\"wp-block-heading has-text-align-left\" style=\"margin-top:16px\">Continuer<\/h3>\n\n\n\n<p class=\"has-text-align-left\">M\u00eame fatigu\u00e9\u00b7e.<br>M\u00eame caboss\u00e9\u00b7e.<br>Encore l\u00e0.<\/p>\n<\/div>\n<\/div>\n<\/div>\n\n\n\n<div class=\"wp-block-group alignfull has-ast-global-color-5-background-color has-background has-global-padding is-layout-constrained wp-container-core-group-is-layout-94d206d0 wp-block-group-is-layout-constrained\" id=\"about\" style=\"padding-top:143px;padding-bottom:144px\">\n<h2 class=\"wp-block-heading\">Complice et Moi<\/h2>\n\n\n\n<p>Un espace pour les humains fatigu\u00e9s qui tiennent encore debout gr\u00e2ce \u00e0 leurs animaux.<\/p>\n\n\n\n<p>Ici, il n\u2019y a pas de m\u00e9thode miracle.<br>Pas de performance.<br>Pas de pression.<\/p>\n\n\n\n<p>Seulement des mots simples, des respirations,<br>et la pr\u00e9sence silencieuse de ceux qui restent quand tout devient trop lourd.<\/p>\n\n\n\n<div class=\"wp-block-buttons is-layout-flex wp-block-buttons-is-layout-flex\">\n<div class=\"wp-block-button\"><a class=\"wp-block-button__link has-text-align-center wp-element-button\" href=\"https:\/\/payhip.com\/b\/2Dm6Y\">\ud83c\udf38 T\u00e9l\u00e9charger le guide<\/a><\/div>\n<\/div>\n<\/div>\n","protected":false},"excerpt":{"rendered":"<p>Pr\u00e9sence Parfois, tenir debout est d\u00e9j\u00e0 un acte de courage.Les animaux savent rester quand tout vacille. Compagnons Mia et Diego, deux chats attentifs aux silences.Milo, un chien qui rappelle l\u2019air, le mouvement, la vie. Souffler Ici, il n\u2019y a rien \u00e0 r\u00e9ussir.Juste un endroit pour ralentir et continuer. Continuer M\u00eame fatigu\u00e9\u00b7e.M\u00eame caboss\u00e9\u00b7e.Encore l\u00e0. Complice et [&hellip;]<\/p>\n","protected":false},"author":1,"featured_media":0,"parent":0,"menu_order":0,"comment_status":"closed","ping_status":"closed","template":"","meta":{"footnotes":""},"class_list":["post-24","page","type-page","status-publish","hentry"],"_links":{"self":[{"href":"https:\/\/compliceetmoi.com\/index.php\/wp-json\/wp\/v2\/pages\/24","targetHints":{"allow":["GET"]}}],"collection":[{"href":"https:\/\/compliceetmoi.com\/index.php\/wp-json\/wp\/v2\/pages"}],"about":[{"href":"https:\/\/compliceetmoi.com\/index.php\/wp-json\/wp\/v2\/types\/page"}],"author":[{"embeddable":true,"href":"https:\/\/compliceetmoi.com\/index.php\/wp-json\/wp\/v2\/users\/1"}],"replies":[{"embeddable":true,"href":"https:\/\/compliceetmoi.com\/index.php\/wp-json\/wp\/v2\/comments?post=24"}],"version-history":[{"count":11,"href":"https:\/\/compliceetmoi.com\/index.php\/wp-json\/wp\/v2\/pages\/24\/revisions"}],"predecessor-version":[{"id":65,"href":"https:\/\/compliceetmoi.com\/index.php\/wp-json\/wp\/v2\/pages\/24\/revisions\/65"}],"wp:attachment":[{"href":"https:\/\/compliceetmoi.com\/index.php\/wp-json\/wp\/v2\/media?parent=24"}],"curies":[{"name":"wp","href":"https:\/\/api.w.org\/{rel}","templated":true}]}}